{"id":64,"date":"2014-06-20T22:06:46","date_gmt":"2014-06-20T20:06:46","guid":{"rendered":"http:\/\/meinstammbaum.net\/wp\/?page_id=64"},"modified":"2014-07-03T20:00:34","modified_gmt":"2014-07-03T18:00:34","slug":"aktuelles","status":"publish","type":"page","link":"http:\/\/meinstammbaum.net\/wp\/?page_id=64","title":{"rendered":"Hinweis"},"content":{"rendered":"<p>Der Stammbaum und Forum im Men\u00fc oben sind nur f\u00fcr Familienmitglieder voll zug\u00e4nglich.\u00a0 F\u00fcr den Stammbaum m\u00fcsst Ihr euch (leider) ein zweites Mal anmelden\/registrieren, da es ein eigenst\u00e4ndiges Softwarepacket ist.<\/p>\n<p>Die Freischaltung der Familienmitglieder erfolgt dann schnellstm\u00f6glich durch Felix oder mich.<\/p>\n<p>Matthias<\/p>\n","protected":false},"excerpt":{"rendered":"<p>Der Stammbaum und Forum im Men\u00fc oben sind nur f\u00fcr Familienmitglieder voll zug\u00e4nglich.\u00a0 F\u00fcr den Stammbaum m\u00fcsst Ihr euch (leider) ein zweites Mal anmelden\/registrieren, da es ein eigenst\u00e4ndiges Softwarepacket ist. Die Freischaltung der Familienmitglieder erfolgt dann schnellstm\u00f6glich durch Felix oder mich. Matthias<\/p>\n","protected":false},"author":1,"featured_media":0,"parent":0,"menu_order":0,"comment_status":"closed","ping_status":"open","template":"","meta":{"_bbp_topic_count":0,"_bbp_reply_count":0,"_bbp_total_topic_count":0,"_bbp_total_reply_count":0,"_bbp_voice_count":0,"_bbp_anonymous_reply_count":0,"_bbp_topic_count_hidden":0,"_bbp_reply_count_hidden":0,"_bbp_forum_subforum_count":0,"footnotes":""},"class_list":["post-64","page","type-page","status-publish","hentry"],"_links":{"self":[{"href":"http:\/\/meinstammbaum.net\/wp\/index.php?rest_route=\/wp\/v2\/pages\/64","targetHints":{"allow":["GET"]}}],"collection":[{"href":"http:\/\/meinstammbaum.net\/wp\/index.php?rest_route=\/wp\/v2\/pages"}],"about":[{"href":"http:\/\/meinstammbaum.net\/wp\/index.php?rest_route=\/wp\/v2\/types\/page"}],"author":[{"embeddable":true,"href":"http:\/\/meinstammbaum.net\/wp\/index.php?rest_route=\/wp\/v2\/users\/1"}],"replies":[{"embeddable":true,"href":"http:\/\/meinstammbaum.net\/wp\/index.php?rest_route=%2Fwp%2Fv2%2Fcomments&post=64"}],"version-history":[{"count":9,"href":"http:\/\/meinstammbaum.net\/wp\/index.php?rest_route=\/wp\/v2\/pages\/64\/revisions"}],"predecessor-version":[{"id":315,"href":"http:\/\/meinstammbaum.net\/wp\/index.php?rest_route=\/wp\/v2\/pages\/64\/revisions\/315"}],"wp:attachment":[{"href":"http:\/\/meinstammbaum.net\/wp\/index.php?rest_route=%2Fwp%2Fv2%2Fmedia&parent=64"}],"curies":[{"name":"wp","href":"https:\/\/api.w.org\/{rel}","templated":true}]}}